{"id":4,"date":"2015-12-04T08:29:11","date_gmt":"2015-12-04T08:29:11","guid":{"rendered":"http:\/\/estudioblogs.neturity.com\/elmisteriodelaslineasdenazca\/?page_id=4"},"modified":"2015-12-04T08:29:11","modified_gmt":"2015-12-04T08:29:11","slug":"presentacion","status":"publish","type":"page","link":"https:\/\/archivotalleresdeinvestigacion.colegio-estudio.es\/elmisteriodelaslineasdenazca\/","title":{"rendered":"Presentaci\u00f3n"},"content":{"rendered":"<p>En este blog os vamos hablar de uno de los grandes descubrimientos arqueol\u00f3gicos que mucha gente hoy en d\u00eda \u00a0no conoce \u00a0por lo que mi grupo os invita a ver nuestro trabajo en el que podre\u00eds saber mas sobre este descubrimiento tan importante pero a la vez tan desconocido<\/p>\n","protected":false},"excerpt":{"rendered":"<p>En este blog os vamos hablar de uno de los grandes descubrimientos arqueol\u00f3gicos que mucha gente hoy en d\u00eda \u00a0no conoce \u00a0por lo que mi grupo os invita a ver nuestro trabajo en el que podre\u00eds saber mas sobre este &hellip; <a href=\"https:\/\/archivotalleresdeinvestigacion.colegio-estudio.es\/elmisteriodelaslineasdenazca\/\">Sigue leyendo <span class=\"meta-nav\">&rarr;<\/span><\/a><\/p>\n","protected":false},"author":1,"featured_media":0,"parent":0,"menu_order":1,"comment_status":"closed","ping_status":"closed","template":"","meta":[],"_links":{"self":[{"href":"https:\/\/archivotalleresdeinvestigacion.colegio-estudio.es\/elmisteriodelaslineasdenazca\/wp-json\/wp\/v2\/pages\/4"}],"collection":[{"href":"https:\/\/archivotalleresdeinvestigacion.colegio-estudio.es\/elmisteriodelaslineasdenazca\/wp-json\/wp\/v2\/pages"}],"about":[{"href":"https:\/\/archivotalleresdeinvestigacion.colegio-estudio.es\/elmisteriodelaslineasdenazca\/wp-json\/wp\/v2\/types\/page"}],"author":[{"embeddable":true,"href":"https:\/\/archivotalleresdeinvestigacion.colegio-estudio.es\/elmisteriodelaslineasdenazca\/wp-json\/wp\/v2\/users\/1"}],"replies":[{"embeddable":true,"href":"https:\/\/archivotalleresdeinvestigacion.colegio-estudio.es\/elmisteriodelaslineasdenazca\/wp-json\/wp\/v2\/comments?post=4"}],"version-history":[{"count":0,"href":"https:\/\/archivotalleresdeinvestigacion.colegio-estudio.es\/elmisteriodelaslineasdenazca\/wp-json\/wp\/v2\/pages\/4\/revisions"}],"wp:attachment":[{"href":"https:\/\/archivotalleresdeinvestigacion.colegio-estudio.es\/elmisteriodelaslineasdenazca\/wp-json\/wp\/v2\/media?parent=4"}],"curies":[{"name":"wp","href":"https:\/\/api.w.org\/{rel}","templated":true}]}}