{"id":2,"date":"2016-12-13T10:13:52","date_gmt":"2016-12-13T10:13:52","guid":{"rendered":"http:\/\/estudioblogs.neturity.com\/lasmodasennuestrasvidas\/?page_id=2"},"modified":"2021-02-24T11:28:32","modified_gmt":"2021-02-24T11:28:32","slug":"inicio","status":"publish","type":"page","link":"https:\/\/archivotalleresdeinvestigacion.colegio-estudio.es\/lasmodasennuestrasvidas\/","title":{"rendered":"Inicio"},"content":{"rendered":"\n<iframe src=\"https:\/\/www.sutori.com\/story\/emily-noether\/embed\" width=\"100%\" height=\"600\"><\/iframe>\n\n\n<p><span style=\"font-weight: 400;\">Emmy Noether.<\/span><\/p>\n<p><span style=\"font-weight: 400;\">Biograf\u00eda:<\/span><\/p>\n<p><span style=\"font-weight: 400;\">Emmy Noether fue una importante matem\u00e1tica, que se hizo un lugar en la comunidad cient\u00edfica de principios del sXX, cuando las mujeres ni siquiera ten\u00edan derecho a acceder a los estudios universitarios. A pesar de haber elaborado teor\u00edas determinantes para las matem\u00e1ticas, tuvo que luchar durante toda su vida para estar en el lugar que se merec\u00eda.<\/span><\/p>\n<p><span style=\"font-weight: 400;\">Amalie Emmy Noether naci\u00f3 el 23 de marzo de 1882 en la ciudad de Erlange, Bavaria, Alemania. Pertenec\u00eda a una familia jud\u00eda. Su madre, Ida Kauffman, era una mujer de la burgues\u00eda acomodada de Colonia y su padre, Max Noether, era profesor de matem\u00e1ticas en la Universidad de Erlangen. Emmy Noether era la mayor de cuatro hermanos y pertenec\u00eda a una familia de matem\u00e1ticos de varias generaciones.<\/span><\/p>\n<p><span style=\"font-weight: 400;\">Emmy<\/span> <span style=\"font-weight: 400;\">inici\u00f3 sus en 1889 en la escuela de su ciudad natal, donde permaneci\u00f3 hasta 1897. Tres a\u00f1os despu\u00e9s aprob\u00f3 con buena nota el examen para ejercer como profesora de idiomas. Aunque en aquella \u00e9poca el trabajo de maestra era uno de los pocos a los que una mujer pod\u00eda aspirar, no era la vocaci\u00f3n de Emmy.<\/span><\/p>\n<p><span style=\"font-weight: 400;\">Durante los primeros a\u00f1os del s.XX, Emmy comenz\u00f3 a asistir a clases de la universidad de manera extraoficial, aprovechando que su padre era el que las impart\u00eda. Poco despu\u00e9s acced\u00eda a la<\/span> <span style=\"font-weight: 400;\">Universidad de Gotinga (tambi\u00e9n de manera extraoficial), donde decidi\u00f3 especializar sus estudios en las matem\u00e1ticas. En 1907 present\u00f3 su tesis doctoral <\/span><i><span style=\"font-weight: 400;\">Sobre la construcci\u00f3n de los sistemas formales de las formas ternaria cuadr\u00e1tica<\/span><\/i><span style=\"font-weight: 400;\">.<\/span><\/p>\n<p><strong><strong>\u00a0<\/strong><\/strong><\/p>\n<p><span style=\"font-weight: 400;\">A lo largo de siete a\u00f1os se dedic\u00f3 a trabajar en el <\/span><span style=\"font-weight: 400;\">Instituto de Matem\u00e1ticas de Erlangen, normalmente sustituyendo a su padre y sin recibir un sueldo, por ser mujer. Adem\u00e1s trabaj\u00f3 con los cient\u00edficos principales del momento, redact\u00f3 importantes teor\u00edas y redact\u00f3 sus estudios de \u00e1lgebra.<\/span><\/p>\n<p><strong><strong>\u00a0<\/strong><\/strong><\/p>\n<p><span style=\"font-weight: 400;\">En 1915 volvi\u00f3 a Gotinga, a impartir clases, pero tambi\u00e9n como ayudante de otros profesores y recibiendo adem\u00e1s el desprecio de alumnos y acad\u00e9micos que no ve\u00edan bien la presencia de una mujer en un templo del saber.<\/span><\/p>\n<p><strong><strong>\u00a0<\/strong><\/strong><\/p>\n<p><span style=\"font-weight: 400;\">En 1918 formul\u00f3 el teorema que recibir\u00eda su nombre, debido a la gran importancia que supuso para la f\u00edsica moderna y que algunos cient\u00edficos pusieron a la misma altura que el Teorema de Pit\u00e1goras.<\/span><\/p>\n<p><strong><strong>\u00a0<\/strong><\/strong><\/p>\n<p><span style=\"font-weight: 400;\">Posteriormente viaj\u00f3 a Rusia donde trabaj\u00f3 con cient\u00edficos rusos en la Universidad Estatal de Mosc\u00fa. En 1932 recibi\u00f3 un premio por su dedicaci\u00f3n y gran contribuci\u00f3n a las ciencias matem\u00e1ticas. Esto le supuso ganar un dinero que le fue de gran ayuda, ya que hasta entonces hab\u00eda vivido mantenida por su familia. Aquel mismo a\u00f1o viaj\u00f3 a Z\u00farich <\/span><span style=\"font-weight: 400;\">donde particip\u00f3 como conferenciante en el Congreso Internacional de Matem\u00e1ticos.<\/span><\/p>\n<p><strong><strong>\u00a0<\/strong><\/strong><\/p>\n<p><span style=\"font-weight: 400;\">Con la llegada del nazismo, que supuso la expulsi\u00f3n de los jud\u00edos de todos los lugares p\u00fablicos (incluidas las universidades), Emmy acept\u00f3 una oferta de una universidad de Pensilvania, Estados Unidos. Aqu\u00ed, aunque recibi\u00f3 alg\u00fan desprecio, vivi\u00f3 tranquila y feliz. <\/span><\/p>\n<p><strong><strong>\u00a0<\/strong><\/strong><\/p>\n<p><span style=\"font-weight: 400;\">Hasta que en 1935 le diagnosticaron<\/span> <span style=\"font-weight: 400;\">un tumor p\u00e9lvico y un quiste ov\u00e1rico que terminaron con su vida el 14 de abril de aquel mismo a\u00f1o. Sus cenizas fueron depositadas en la Biblioteca de la M.Carey Thomas Library de Brun Mawr. Su legado cient\u00edfico fue desde entonces reconocido en todo el mundo.<\/span><\/p>\n<p><span style=\"font-weight: 400;\">Teor\u00edas:<\/span><\/p>\n<p><span style=\"font-weight: 400;\">Muchos de sus estudios supusieron un punto de partida para un gran n\u00famero de l\u00edneas de investigaci\u00f3n, incluso en campos muy alejados al suyo, como la topolog\u00eda algebraica. Sin embargo, es principalmente conocida por formular el bautizado, en su honor, como Teorema de Noether. Este teorema tiene un gran n\u00famero de aplicaciones pr\u00e1cticas en el campo de la f\u00edsica y, adem\u00e1s, explica por qu\u00e9 existen leyes de conservaci\u00f3n y magnitudes f\u00edsicas que no cambian con el tiempo dentro de un sistema f\u00edsico.<\/span><\/p>\n<p><span style=\"font-weight: 400;\">&#8211; Emmy Noether fue una matem\u00e1tica famosa por sus aportaciones de los campos de la f\u00edsica te\u00f3rica y \u00e1lgebra y, por sus teor\u00edas:<\/span><\/p>\n<p><span style=\"font-weight: 400;\">Gran parte del trabajo de Noether en la primera \u00e9poca de su carrera estaba asociado con la teor\u00eda de las invariantes algebraicas, principalmente la teor\u00eda de las matem\u00e1ticas algebraicas. La teor\u00eda de los invariantes trata de las expresiones que permanecen constantes (invariantes) bajo grupos de transformaciones. Como ejemplo cotidiano, si una vara de medir r\u00edgida se somete a rotaci\u00f3n, las coordenadas (<\/span><i><span style=\"font-weight: 400;\">x<\/span><\/i><span style=\"font-weight: 400;\">, <\/span><i><span style=\"font-weight: 400;\">y<\/span><\/i><span style=\"font-weight: 400;\">, <\/span><i><span style=\"font-weight: 400;\">z<\/span><\/i><span style=\"font-weight: 400;\">) de sus extremos cambian, pero su longitud dada las f\u00f3rmulas. <\/span><\/p>\n<p><strong><span style=\"font-weight: 400;\">Sus teor\u00edas revolucionaron el mundo matem\u00e1tico dejando a un lado los complejos sobre las mujeres. <\/span><\/strong><\/p>\n<p><span style=\"font-weight: 400;\">Premios y reconocimientos:<\/span><\/p>\n<p><span style=\"font-weight: 400;\">Esta mujer \u00a0fue conmemorada con la<\/span> <span style=\"font-weight: 400;\">\u201cAssociation for women in mathematics\u201d que se celebra cada a\u00f1o con sus conferencia Noether para honrar a las mujeres matem\u00e1ticas, esta asociaci\u00f3n reconoce a Noether como una de las matem\u00e1ticas m\u00e1s importantes de la historia.En consistencia con su dedicaci\u00f3n a sus alumnos, la universidad de Siegen ha reunido<\/span><i><span style=\"font-weight: 400;\"> sus <\/span><\/i><span style=\"font-weight: 400;\">facultades matem\u00e1ticas y f\u00edsicas en el campamento llamado \u201cCampus Emmy Noether\u201d.<\/span><\/p>\n<p><span style=\"font-weight: 400;\">La sociedad Alemana de Investigaci\u00f3n Cient\u00edfica <\/span><span style=\"font-weight: 400;\">\u00a0<\/span><span style=\"font-weight: 400;\">(Deutsche Forschungsgemeinschaft) lleva a cabo el Emmy Noether Programm, una beca posdoctoral para apoyar a la investigaci\u00f3n y la docencia de j\u00f3venes prometedores.Una calle de su ciudad natal, Erlangen, lleva el nombre Emmy Noether y Max Noether (su padre).La escuela secundaria sucesora de aqu\u00e9lla a la que asisti\u00f3 en Erlangen ha sido rebautizada como the Emmy Noether School.<\/span><\/p>\n<p><span style=\"font-weight: 400;\">El cr\u00e1ter N\u00f6ther en la cara oculta de la Luna fue nombrado as\u00ed en su honor.<\/span><\/p>\n<p><span style=\"font-weight: 400;\">El asteroide 7001 Noether tambi\u00e9n debe su nombre a Emmy Noether.<\/span><\/p>\n<p>\u00a0<\/p>","protected":false},"excerpt":{"rendered":"<p>Emmy Noether. Biograf\u00eda: Emmy Noether fue una importante matem\u00e1tica, que se hizo un lugar en la comunidad cient\u00edfica de principios del sXX, cuando las mujeres ni siquiera ten\u00edan derecho a acceder a los estudios universitarios. A pesar de haber elaborado &hellip; <a href=\"https:\/\/archivotalleresdeinvestigacion.colegio-estudio.es\/lasmodasennuestrasvidas\/\">Sigue leyendo <span class=\"meta-nav\">&rarr;<\/span><\/a><\/p>\n","protected":false},"author":1,"featured_media":0,"parent":0,"menu_order":0,"comment_status":"closed","ping_status":"closed","template":"","meta":[],"_links":{"self":[{"href":"https:\/\/archivotalleresdeinvestigacion.colegio-estudio.es\/lasmodasennuestrasvidas\/wp-json\/wp\/v2\/pages\/2"}],"collection":[{"href":"https:\/\/archivotalleresdeinvestigacion.colegio-estudio.es\/lasmodasennuestrasvidas\/wp-json\/wp\/v2\/pages"}],"about":[{"href":"https:\/\/archivotalleresdeinvestigacion.colegio-estudio.es\/lasmodasennuestrasvidas\/wp-json\/wp\/v2\/types\/page"}],"author":[{"embeddable":true,"href":"https:\/\/archivotalleresdeinvestigacion.colegio-estudio.es\/lasmodasennuestrasvidas\/wp-json\/wp\/v2\/users\/1"}],"replies":[{"embeddable":true,"href":"https:\/\/archivotalleresdeinvestigacion.colegio-estudio.es\/lasmodasennuestrasvidas\/wp-json\/wp\/v2\/comments?post=2"}],"version-history":[{"count":2,"href":"https:\/\/archivotalleresdeinvestigacion.colegio-estudio.es\/lasmodasennuestrasvidas\/wp-json\/wp\/v2\/pages\/2\/revisions"}],"predecessor-version":[{"id":136,"href":"https:\/\/archivotalleresdeinvestigacion.colegio-estudio.es\/lasmodasennuestrasvidas\/wp-json\/wp\/v2\/pages\/2\/revisions\/136"}],"wp:attachment":[{"href":"https:\/\/archivotalleresdeinvestigacion.colegio-estudio.es\/lasmodasennuestrasvidas\/wp-json\/wp\/v2\/media?parent=2"}],"curies":[{"name":"wp","href":"https:\/\/api.w.org\/{rel}","templated":true}]}}