{"id":2,"date":"2018-01-08T13:21:37","date_gmt":"2018-01-08T13:21:37","guid":{"rendered":"http:\/\/estudioblogs.neturity.com\/marywollstone\/?page_id=2"},"modified":"2021-02-24T16:31:45","modified_gmt":"2021-02-24T16:31:45","slug":"pagina-ejemplo","status":"publish","type":"page","link":"https:\/\/archivotalleresdeinvestigacion.colegio-estudio.es\/marywollstone\/","title":{"rendered":"Inicio"},"content":{"rendered":"\n<iframe src=\"https:\/\/www.sutori.com\/story\/mary-wollstonecraft-b67b\/embed\" width=\"100%\" height=\"600\"><\/iframe>\n\n\n\n<p>Mary Wollstonecraft naci\u00f3 en Londres en el a\u00f1o 1759. Fue una fil\u00f3sofa y escritora. Durante su breve carrera, escribi\u00f3 un pu\u00f1ado de novelas, y unas cuantas obras de literatura infantil. Marry, es reconocida mayormente, por su obra \u201cVindicaci\u00f3n de los derechos de la mujer\u201d (1792). En la cual se reconociera a la mujer, como al hombre, en su misma igualdad, ya que se las trataba inferiores debido a la escasa educaci\u00f3n que sol\u00edan recibir&#8230; Mujeres-Feminismo-Actualidad 245237989 45859267 854&#215;640.jpg<\/p>\n\n\n\n<p><strong>VIDA, OBRA Y MUERTE:<\/strong><br>Mary Wollstonecraft empez\u00f3 a defender la igualdad entre hombres y mujeres. Rechazando todo lo que defin\u00eda de manera diferente las naturalezas femenina y masculina, afirmando que la raz\u00f3n por la que las mujeres no desarrollan su inteligencia porque se les vetaba el acceso al conocimiento. Aunque sus primeros escritos defend\u00edan las virtudes cristianas, con el inicio de la Revoluci\u00f3n Francesa sus ideas fueron cambiando y derivando hacia una defensa de la raz\u00f3n por encima de la fe. Entusiasmada por las ideas revolucionarias que hab\u00edan levantado al pueblo franc\u00e9s, Mary fue a Par\u00eds en 1792dispuesta a poner en pr\u00e1ctica sus ideas. All\u00ed en Par\u00eds conoci\u00f3 a un aventurero americano con el que vivir\u00eda una turbulentaizo cada vez m\u00e1s inestable. La declaraci\u00f3n de guerra por parte de Inglaterra provoc\u00f3 la huida de varios ciudadanos, aterrados de acabar en la guillotina. De vuelta en Londres, con su hija Fanny, Mary fue rechazada por Imlay. Empez\u00f3 entonces una etapa oscura en su vida que la llev\u00f3 incluso al intento de suicidio. Poco despu\u00e9s su amante volv\u00eda a su lado y le pidi\u00f3 que realizara un viaje de negocios.Gilbert Imlay Gilbert Imlay despert\u00f3 en Mary las pasiones amorosas que ella misma hab\u00eda rechazado en su obra Vindicaci\u00f3n de los derechos de la mujer. No s\u00f3lo eso, sino que qued\u00f3 embarazada sin haberse casado, acontecimiento que Imlay no esperaba. Tras la ejecuci\u00f3n del rey franc\u00e9s Luis XVI, la situaci\u00f3n pol\u00edtica en Francia se hocios por Escandinavia que no sirvi\u00f3 para recuperar el amor de Imlay. Cuando regres\u00f3 a Londres reinici\u00f3 su carrera literaria y encontr\u00f3 un nuevo amor, William Godwin. Su apasionante relaci\u00f3n tambi\u00e9n termin\u00f3 con la llegada de un nuevo hijo. Esta vez, sin embargo, William accedi\u00f3 a casarse con su amante aunque fijaron su residencia en apartamentos separados. Tras la muerte de Wollstonecraft, su marido public\u00f3 unas memorias de su vida (1978), desvelando su estilo de vida poco ortodoxo, lo que inadvertidamente destroz\u00f3 su reputaci\u00f3n durante m\u00e1s de un siglo. Sin embargo, con el surgimiento del movimiento feminista previo al comienzo del siglo XX, la defensa de Wollenstone de la igualdad para la mujer y sus cr\u00edticas a la feminidad convencional fueron creciendo en importancia. Hoy en d\u00eda, es considerada como una de las figuras fundacionales de la filosof\u00eda feminista y los feministas la citan a menudo como una influencia importante tanto por su vida como por su obra.<\/p>\n\n\n\n<p><strong>OBRAS:<\/strong><br><em>Reflexiones sobre la educaci\u00f3n de las hijas (1787) e Historias originales (1788).<\/em> Estas dos primeras obras hablan sobre la educaci\u00f3n, centr\u00e1ndose en la de las mujeres. La primera de ellas, Reflexiones sobre la educaci\u00f3n de las hijas, es principalmente una gu\u00eda de comportamiento, no solo de la conducta moral sino tambi\u00e9n de los modales y otros aspectos de la educaci\u00f3n. Este tipo de escritos era extremadamente popular durante el siglo XVIII,en particular en la clase media, que con estos textos intentaba adquirir costumbres m\u00e1s bien propias de la aristocracia. Aunque algunos de estos escritos no fueron tan originales, destacaron fragmentos, como el fragmento en el que hablaba del sufrimiento de la mujer soltera, que destacaron m\u00e1s.<\/p>\n\n\n\n<p><em>Vindicaci\u00f3n de los derechos del hombre (1790)<\/em> La Vindicaci\u00f3n de los derechos del hombre de Wollstonecraft fue la primera de muchas obras de este estilo. Pero Wollstonecraft no solo estaba contestando a reflexiones de textos anteriores, sino tambi\u00e9n a su Indagaci\u00f3n filos\u00f3fica sobre nuestra asociaci\u00f3n sobre lo bello y lo sublime, en el que los textos sol\u00edan decir que la belleza y la debilidad se asociaban a la feminidad, mientras que la fuerza se asociaba al hombre.<\/p>\n\n\n\n<p><em>Vindicaci\u00f3n de los derechos de la mujer (1792)<\/em> Vindicaci\u00f3n de los derechos de la mujer es una mezcla de g\u00e9neros literarios (tratados pol\u00edticos, gu\u00edas de comportamiento y tratados educacionales). Con el fin de discutir la posici\u00f3n de la mujer en la sociedad, Wollstonecraft liga sus ideas con cuatro cosas: el derecho, la raz\u00f3n, la virtud y el deber.<\/p>\n\n\n\n<p><em>Cartas escritas en Suecia, Noruega y Dinamarca (1796)<\/em> Cartas escritas en Suecia es un relato de viaje, pero uno muy particular; en \u00e9l habla sobre las costumbres y la gente de Suecia, Noruega y Dinamarca,y tambi\u00e9n cuenta aspectos de su relaci\u00f3n con Imlay (aunque no se le menciona por su nombre).<\/p>\n\n\n\n<p><strong>CONCLUSI\u00d3N:<\/strong><br>Gracias a sus textos y reflexiones Mary consigui\u00f3 empezar a hablar de ideas revolucionarios y feministas que nunca hab\u00edan sido escuchadas. Sus textos ayudaron a m\u00e1s mujeres a ver la sociedad machista en la que viv\u00edan e inspir\u00f3 a muchas otras a seguir sus pasos.<\/p>\n\n\n\n<p>BIBLIOGRAFIA<br><a href=\"https:\/\/es.wikipedia.org\/wiki\/Mary_Wollstonecraft#Reflexiones_sobre_la_educaci%C3%B3n_de_las_hijas_(1787)_e_Historias_originales_(1788)\">Wikipedia<\/a>: Mary Wollstonecraft<\/p>\n\n\n\n<p><a href=\"http:\/\/estudiopedia.org\/index.php?title=Investigadores.15E.MaryWollstonecraft.2018\">Estudiopedia<\/a>: Mary Wollstonecraft 15-E<\/p>\n\n\n\n<p><a href=\"https:\/\/www.elespanol.com\/cultura\/historia\/20170908\/245226164_0.html\">El Espa\u00f1ol<\/a>: Mary Wollstonecraft, la primera feminista<\/p>\n\n\n\n<p><a href=\"http:\/\/www.mujeresenlahistoria.com\/2011\/05\/en-defensa-de-sus-derechos-mary.html\">Mujeres en la Historia<\/a>: En defensa de sus derechos, Mary Wollstonecraft (1759-1797)<\/p>\n\n\n\n<p><a href=\"http:\/\/platea.pntic.mec.es\/~mmediavi\/Shelley\/wollston.htm\">Platea<\/a>: Mary Wollstonecraft<\/p>\n\n\n\n<p><a href=\"https:\/\/www.quien.net\/mary-wollstonecraft.php\">Quien<\/a>: Mary Wollstonecraft<\/p>\n\n\n\n<p><a href=\"https:\/\/psicologiaymente.net\/psicologia\/teoria-mary-wollstonecraft\">Psicolog\u00eda y Mente<\/a>: La teor\u00eda pol\u00edtica de Mary Wollstonecraft<\/p>\n\n\n\n<p><a href=\"http:\/\/www.publico.es\/culturas\/wollstonecraft-primera-feminista.html\">P\u00fablico<\/a>: Wollstonecraft, la primera feminista<\/p>\n","protected":false},"excerpt":{"rendered":"<p>Mary Wollstonecraft naci\u00f3 en Londres en el a\u00f1o 1759. Fue una fil\u00f3sofa y escritora. Durante su breve carrera, escribi\u00f3 un pu\u00f1ado de novelas, y unas cuantas obras de literatura infantil. Marry, es reconocida mayormente, por su obra \u201cVindicaci\u00f3n de los &hellip; <a href=\"https:\/\/archivotalleresdeinvestigacion.colegio-estudio.es\/marywollstone\/\">Sigue leyendo <span class=\"meta-nav\">&rarr;<\/span><\/a><\/p>\n","protected":false},"author":1,"featured_media":0,"parent":0,"menu_order":0,"comment_status":"open","ping_status":"closed","template":"","meta":[],"_links":{"self":[{"href":"https:\/\/archivotalleresdeinvestigacion.colegio-estudio.es\/marywollstone\/wp-json\/wp\/v2\/pages\/2"}],"collection":[{"href":"https:\/\/archivotalleresdeinvestigacion.colegio-estudio.es\/marywollstone\/wp-json\/wp\/v2\/pages"}],"about":[{"href":"https:\/\/archivotalleresdeinvestigacion.colegio-estudio.es\/marywollstone\/wp-json\/wp\/v2\/types\/page"}],"author":[{"embeddable":true,"href":"https:\/\/archivotalleresdeinvestigacion.colegio-estudio.es\/marywollstone\/wp-json\/wp\/v2\/users\/1"}],"replies":[{"embeddable":true,"href":"https:\/\/archivotalleresdeinvestigacion.colegio-estudio.es\/marywollstone\/wp-json\/wp\/v2\/comments?post=2"}],"version-history":[{"count":2,"href":"https:\/\/archivotalleresdeinvestigacion.colegio-estudio.es\/marywollstone\/wp-json\/wp\/v2\/pages\/2\/revisions"}],"predecessor-version":[{"id":76,"href":"https:\/\/archivotalleresdeinvestigacion.colegio-estudio.es\/marywollstone\/wp-json\/wp\/v2\/pages\/2\/revisions\/76"}],"wp:attachment":[{"href":"https:\/\/archivotalleresdeinvestigacion.colegio-estudio.es\/marywollstone\/wp-json\/wp\/v2\/media?parent=2"}],"curies":[{"name":"wp","href":"https:\/\/api.w.org\/{rel}","templated":true}]}}