{"id":2,"date":"2018-02-20T19:05:10","date_gmt":"2018-02-20T19:05:10","guid":{"rendered":"http:\/\/estudioblogs.neturity.com\/meitner\/?page_id=2"},"modified":"2021-02-24T16:50:26","modified_gmt":"2021-02-24T16:50:26","slug":"pagina-ejemplo","status":"publish","type":"page","link":"https:\/\/archivotalleresdeinvestigacion.colegio-estudio.es\/meitner\/","title":{"rendered":"Inicio"},"content":{"rendered":"\n<iframe src=\"https:\/\/www.sutori.com\/story\/lise-meitner-c85b\/embed\" width=\"100%\" height=\"600\"><\/iframe>\n\n\n\n<div>Naci\u00f3 el 7 de Noviembre de 1878 en Viena (capital del Imperio Astroh\u00fangaro), en una familia jud\u00eda. Su padre, Philipp Meitner, era un abogado que recib\u00eda en su casa a importantes personas cultas y pol\u00edticas de la \u00e9poca, reuniones a las que Lise y sus hermanos acud\u00edan a veces. Lise tuvo una educaci\u00f3n igual a la de otras ni\u00f1as de su \u00e9poca y, a los 14 a\u00f1os (cuando termin\u00f3 sus estudios oficiales) quiso seguir estudiando. Esto lo consigui\u00f3 gracias a la ayuda de un tutor conseguido por sus padres.<\/div>\n\n\n\n<div>Gracias a su inteligencia y fuerza de voluntad consigui\u00f3 su ingreso en la Universidad de Viena, en 1901, algo que en el siglo XX era&nbsp; muy extra\u00f1o. Fue una de los 4 \u00fanicos que aprobaron el Matura, el examen de la \u00e9poca. Se mud\u00f3 a Berl\u00edn en 1912 para seguir con sus estudios en radioactividad y en el Instituto de Max Plack conoci\u00f3 a Otto Hahn, del que se hizo muy amiga. Formaron una pareja muy productiva y publicaron varios trabajos complement\u00e1ndose el uno al otro.Trabajaron juntos, pero a Otto le pagaban una buena cantidad mientras que a Lise ni siquiera la pagaban. Ambos intentaron entrar en el Instituto de Qu\u00edmica de la Universidad de Berl\u00edn, donde solo aceptaron a Otto. A Lise no la aceptaron por el hecho de ser mujer, pero al insistir tanto le dejaron un hueco en una peque\u00f1a carpinter\u00eda del recinto donde pudo continuar con sus investigaciones. El 28 de julio de 1914 , cinco a\u00f1os despu\u00e9s se reconoci\u00f3 su talento y se le dej\u00f3 entrar en el Instituto, a\u00fan as\u00ed cobrando mucho menos que su colega Otto Hahn. Poco a poco se vio su talento, se le pag\u00f3 m\u00e1s y hasta fue profesora&nbsp;en el Instituto.<\/div>\n\n\n\n<div>&nbsp;Debido al nazismo en Alemania, Lise Meitner tuvo que abandonar Berl\u00edn y, con la ayuda de Otto, logr\u00f3 llegar a Estocolmo, donde consigui\u00f3 un puesto en el laboratorio de un cient\u00edfico llamado Manne Siegbahn. A pesar de la distancia, Lise y Otto continuaron trabajando mediante una relaci\u00f3n a base de cartas. Con la contribuci\u00f3n de Meitner, Otto Hahn y Fritz Strassmann produjeron el primer ejemplo de la fisi\u00f3n nuclear. En 1939 Hahn public\u00f3 sus resultados, Meitner y Frisch explicaron el fen\u00f3meno mediante el modelo de la gota l\u00edquida introduciendo el t\u00e9rmino de fisi\u00f3n nuclear, en un trabajo publicado en la revista Nature. Es conocida por su investigaci\u00f3n sobre la teor\u00eda at\u00f3mica y la radiactividad, sin embargo, a pesar de allanar con su descubrimiento de la obtenci\u00f3n del punto de fisi\u00f3n el camino a Otto Hahn, premio Nobel de Qu\u00edmica, nunca fue reconocida como coautora por ser mujer. Sin embargo, recibi\u00f3 el reconocimiento por sus contribuciones a la f\u00edsica en 1966, cuando le fue concedido el Premio Enrico Fermi en Estados Unidos.<\/div>\n\n\n\n<div>&nbsp;Sugiri\u00f3 la existencia de la reacci\u00f3n en cadena, con lo que contribuy\u00f3 al desarrollo de la bomba at\u00f3mica. En su honor se nombr\u00f3 \u00abmeitnerio\u00bb al elemento qu\u00edmico 109.<\/div>\n\n\n\n<div>Meitner se naturaliz\u00f3 ciudadana sueca en 1949. Se jubil\u00f3 en 1960 y se traslad\u00f3 a vivir al Reino Unido, donde viv\u00edan la mayor\u00eda de sus parientes. Lise Meitner muri\u00f3 en Cambridge, el 27 de octubre de 1968. A corde a sus deseos, fue enterrada en Bramley (Hampshire) junto a su hermano Walter, fallecido en 1964. Su sobrino Otto Frisch puso en su l\u00e1pida, \u00abLise Meitner: una f\u00edsica que nunca perdi\u00f3 su humanidad\u00bb.<\/div>\n\n\n\n<div>Lise ha ganado una serie de premios durante su vida; como el premio Lieben en 1925,medalla Max Planck en 1949 Otto-Hahn por f\u00edsica y qu\u00edmica en 1955,\u00b4Foreign Member of the Royal Society\u00b4 en 1955.<\/div>\n\n\n\n<div>Aqu\u00ed tienes un enlace que puedes utilizar para acceder a esta informaci\u00f3n en <a href=\"http:\/\/estudiopedia.org\/index.php?title=Investigadores.15C.LiseMeitner.2018\">Estudiopedia&nbsp;<\/a><\/div>\n\n\n\n<div class=\"yj6qo\">&nbsp;<\/div>\n\n\n\n<p><\/p>\n","protected":false},"excerpt":{"rendered":"<p>Naci\u00f3 el 7 de Noviembre de 1878 en Viena (capital del Imperio Astroh\u00fangaro), en una familia jud\u00eda. Su padre, Philipp Meitner, era un abogado que recib\u00eda en su casa a importantes personas cultas y pol\u00edticas de la \u00e9poca, reuniones a &hellip; <a href=\"https:\/\/archivotalleresdeinvestigacion.colegio-estudio.es\/meitner\/\">Sigue leyendo <span class=\"meta-nav\">&rarr;<\/span><\/a><\/p>\n","protected":false},"author":1,"featured_media":0,"parent":0,"menu_order":0,"comment_status":"open","ping_status":"open","template":"","meta":[],"_links":{"self":[{"href":"https:\/\/archivotalleresdeinvestigacion.colegio-estudio.es\/meitner\/wp-json\/wp\/v2\/pages\/2"}],"collection":[{"href":"https:\/\/archivotalleresdeinvestigacion.colegio-estudio.es\/meitner\/wp-json\/wp\/v2\/pages"}],"about":[{"href":"https:\/\/archivotalleresdeinvestigacion.colegio-estudio.es\/meitner\/wp-json\/wp\/v2\/types\/page"}],"author":[{"embeddable":true,"href":"https:\/\/archivotalleresdeinvestigacion.colegio-estudio.es\/meitner\/wp-json\/wp\/v2\/users\/1"}],"replies":[{"embeddable":true,"href":"https:\/\/archivotalleresdeinvestigacion.colegio-estudio.es\/meitner\/wp-json\/wp\/v2\/comments?post=2"}],"version-history":[{"count":3,"href":"https:\/\/archivotalleresdeinvestigacion.colegio-estudio.es\/meitner\/wp-json\/wp\/v2\/pages\/2\/revisions"}],"predecessor-version":[{"id":75,"href":"https:\/\/archivotalleresdeinvestigacion.colegio-estudio.es\/meitner\/wp-json\/wp\/v2\/pages\/2\/revisions\/75"}],"wp:attachment":[{"href":"https:\/\/archivotalleresdeinvestigacion.colegio-estudio.es\/meitner\/wp-json\/wp\/v2\/media?parent=2"}],"curies":[{"name":"wp","href":"https:\/\/api.w.org\/{rel}","templated":true}]}}