{"id":5,"date":"2018-02-20T19:29:56","date_gmt":"2018-02-20T19:29:56","guid":{"rendered":"http:\/\/estudioblogs.neturity.com\/meitner\/?page_id=5"},"modified":"2018-02-20T19:29:56","modified_gmt":"2018-02-20T19:29:56","slug":"quienes-somos","status":"publish","type":"page","link":"https:\/\/archivotalleresdeinvestigacion.colegio-estudio.es\/meitner\/quienes-somos\/","title":{"rendered":"Qui\u00e9nes somos"},"content":{"rendered":"<p>Somos Claudia Matoses, Ana Palacios y Alicia Montero. Alumnas de la clase 15-C del colegio Estudio.<\/p>\n<p>Estamos haciendo esta investigaci\u00f3n sobre Lise Meitner en la clase de Investigadores 2.0<br \/>\nHemos estado investigando sobre la cient\u00edfica Lise Meitner buscando informaci\u00f3n sobre ella en diferentes p\u00e1ginas web y seleccionado lo que nos parec\u00eda mas importante de su biograf\u00eda.<br \/>\nUna vez recopilada toda la informaci\u00f3n la hemos editado y puesto en diferentes plataformas.<\/p>\n<p>La primera ha sido Sutori, donde hemos puesto su biograf\u00eda con im\u00e1genes y quizzes. Tambi\u00e9n hemos utilizado Estudiopedia, donde hemos puesto la informaci\u00f3n dividida en las partes de su vida.<\/p>\n<p>Estudiopedia es una enciclopedia colaborativa creada por profesores y alumnos del Colegio Estudio, pretende incorporar art\u00edculos de diversas materias y niveles educativos.<\/p>\n","protected":false},"excerpt":{"rendered":"<p>Somos Claudia Matoses, Ana Palacios y Alicia Montero. Alumnas de la clase 15-C del colegio Estudio. Estamos haciendo esta investigaci\u00f3n sobre Lise Meitner en la clase de Investigadores 2.0 Hemos estado investigando sobre la cient\u00edfica Lise Meitner buscando informaci\u00f3n sobre &hellip; <a href=\"https:\/\/archivotalleresdeinvestigacion.colegio-estudio.es\/meitner\/quienes-somos\/\">Sigue leyendo <span class=\"meta-nav\">&rarr;<\/span><\/a><\/p>\n","protected":false},"author":1,"featured_media":0,"parent":0,"menu_order":0,"comment_status":"open","ping_status":"open","template":"","meta":[],"_links":{"self":[{"href":"https:\/\/archivotalleresdeinvestigacion.colegio-estudio.es\/meitner\/wp-json\/wp\/v2\/pages\/5"}],"collection":[{"href":"https:\/\/archivotalleresdeinvestigacion.colegio-estudio.es\/meitner\/wp-json\/wp\/v2\/pages"}],"about":[{"href":"https:\/\/archivotalleresdeinvestigacion.colegio-estudio.es\/meitner\/wp-json\/wp\/v2\/types\/page"}],"author":[{"embeddable":true,"href":"https:\/\/archivotalleresdeinvestigacion.colegio-estudio.es\/meitner\/wp-json\/wp\/v2\/users\/1"}],"replies":[{"embeddable":true,"href":"https:\/\/archivotalleresdeinvestigacion.colegio-estudio.es\/meitner\/wp-json\/wp\/v2\/comments?post=5"}],"version-history":[{"count":0,"href":"https:\/\/archivotalleresdeinvestigacion.colegio-estudio.es\/meitner\/wp-json\/wp\/v2\/pages\/5\/revisions"}],"wp:attachment":[{"href":"https:\/\/archivotalleresdeinvestigacion.colegio-estudio.es\/meitner\/wp-json\/wp\/v2\/media?parent=5"}],"curies":[{"name":"wp","href":"https:\/\/api.w.org\/{rel}","templated":true}]}}