{"id":2,"date":"2016-05-05T08:04:28","date_gmt":"2016-05-05T08:04:28","guid":{"rendered":"http:\/\/estudioblogs.neturity.com\/redessociales2016\/?page_id=2"},"modified":"2016-05-05T08:04:28","modified_gmt":"2016-05-05T08:04:28","slug":"about","status":"publish","type":"page","link":"https:\/\/archivotalleresdeinvestigacion.colegio-estudio.es\/redessociales2016\/about\/","title":{"rendered":"\u00bfQui\u00e9nes somos?"},"content":{"rendered":"<p>Somos cuatro alumnos del Colegio Estudio de Aravaca. Miguel Ant\u00f3n Rojo, Lucas Baselga , Carmen Esteban \u00c1lvarez y Gabriela Iglesias Redondo. Los cuatro vamos a la clase 14-C, y vamos ha hablaros de los peligros que tienen las redes sociales<\/p>\n","protected":false},"excerpt":{"rendered":"<p>Somos cuatro alumnos del Colegio Estudio de Aravaca. Miguel Ant\u00f3n Rojo, Lucas Baselga , Carmen Esteban \u00c1lvarez y Gabriela Iglesias Redondo. Los cuatro vamos a la clase 14-C, y vamos ha hablaros de los peligros que tienen las redes sociales<\/p>\n","protected":false},"author":1,"featured_media":0,"parent":0,"menu_order":2,"comment_status":"closed","ping_status":"closed","template":"","meta":[],"_links":{"self":[{"href":"https:\/\/archivotalleresdeinvestigacion.colegio-estudio.es\/redessociales2016\/wp-json\/wp\/v2\/pages\/2"}],"collection":[{"href":"https:\/\/archivotalleresdeinvestigacion.colegio-estudio.es\/redessociales2016\/wp-json\/wp\/v2\/pages"}],"about":[{"href":"https:\/\/archivotalleresdeinvestigacion.colegio-estudio.es\/redessociales2016\/wp-json\/wp\/v2\/types\/page"}],"author":[{"embeddable":true,"href":"https:\/\/archivotalleresdeinvestigacion.colegio-estudio.es\/redessociales2016\/wp-json\/wp\/v2\/users\/1"}],"replies":[{"embeddable":true,"href":"https:\/\/archivotalleresdeinvestigacion.colegio-estudio.es\/redessociales2016\/wp-json\/wp\/v2\/comments?post=2"}],"version-history":[{"count":0,"href":"https:\/\/archivotalleresdeinvestigacion.colegio-estudio.es\/redessociales2016\/wp-json\/wp\/v2\/pages\/2\/revisions"}],"wp:attachment":[{"href":"https:\/\/archivotalleresdeinvestigacion.colegio-estudio.es\/redessociales2016\/wp-json\/wp\/v2\/media?parent=2"}],"curies":[{"name":"wp","href":"https:\/\/api.w.org\/{rel}","templated":true}]}}