{"id":2,"date":"2014-12-11T15:15:46","date_gmt":"2014-12-11T15:15:46","guid":{"rendered":"http:\/\/estudioblogs.neturity.com\/traslamitologia\/?page_id=2"},"modified":"2014-12-11T15:15:46","modified_gmt":"2014-12-11T15:15:46","slug":"inicio","status":"publish","type":"page","link":"https:\/\/archivotalleresdeinvestigacion.colegio-estudio.es\/traslamitologia\/","title":{"rendered":"Inicio"},"content":{"rendered":"<p>Estimado lector, el prop\u00f3sito de este blog es ense\u00f1aros los incre\u00edbles misterios de todas las mitolog\u00edas de cada parte del mundo, desde la asi\u00e1tica a la grecorromana y de la n\u00f3rdica a la africana\u2026<\/p>\n<p>Hay mucho de lo que aprender de cada una de ellas, lecciones nuevas, que despu\u00e9s de leer nuestro blog habr\u00e1n cambiado vuestra percepci\u00f3n de las cosas. Todas tienen su toqu\u00e9 especial, y todas tienen su raz\u00f3n de por qu\u00e9 han sido creadas, aqu\u00ed te las contamos.<\/p>\n<p>La gente no se da cuenta que hay un mundo detr\u00e1s de la mitolog\u00eda, con conceptos muy diferentes a los que uno piensa. Hoy en d\u00eda nos fascina todo lo que tiene que ver con la mitolog\u00eda griega \u2013que ya est\u00e1 muy vista en pel\u00edculas y libros-, aqu\u00ed os queremos ense\u00f1ar la belleza de diferentes asombrosas culturas, por qu\u00e9\u2026\u00a0 \u00bfQu\u00e9 sabes de la mitolog\u00eda africana? \u00bfY de la asi\u00e1tica y la n\u00f3rdica? Pues pr\u00e1cticamente nada.<\/p>\n<p>Sigue leyendo para descubrir las maravillosas historias de cada teolog\u00eda, para explorar m\u00e1s del mundo en el que t\u00fa vives.<\/p>\n<p>Os deseamos una buena lectura a trav\u00e9s de nuestro blog.<\/p>\n<p>Saludos: Kiko, Elia, Emma y Elena.<\/p>\n","protected":false},"excerpt":{"rendered":"<p>Estimado lector, el prop\u00f3sito de este blog es ense\u00f1aros los incre\u00edbles misterios de todas las mitolog\u00edas de cada parte del mundo, desde la asi\u00e1tica a la grecorromana y de la n\u00f3rdica a la africana\u2026 Hay mucho de lo que aprender &hellip; <a href=\"https:\/\/archivotalleresdeinvestigacion.colegio-estudio.es\/traslamitologia\/\">Sigue leyendo <span class=\"meta-nav\">&rarr;<\/span><\/a><\/p>\n","protected":false},"author":1,"featured_media":0,"parent":0,"menu_order":0,"comment_status":"closed","ping_status":"closed","template":"","meta":[],"_links":{"self":[{"href":"https:\/\/archivotalleresdeinvestigacion.colegio-estudio.es\/traslamitologia\/wp-json\/wp\/v2\/pages\/2"}],"collection":[{"href":"https:\/\/archivotalleresdeinvestigacion.colegio-estudio.es\/traslamitologia\/wp-json\/wp\/v2\/pages"}],"about":[{"href":"https:\/\/archivotalleresdeinvestigacion.colegio-estudio.es\/traslamitologia\/wp-json\/wp\/v2\/types\/page"}],"author":[{"embeddable":true,"href":"https:\/\/archivotalleresdeinvestigacion.colegio-estudio.es\/traslamitologia\/wp-json\/wp\/v2\/users\/1"}],"replies":[{"embeddable":true,"href":"https:\/\/archivotalleresdeinvestigacion.colegio-estudio.es\/traslamitologia\/wp-json\/wp\/v2\/comments?post=2"}],"version-history":[{"count":0,"href":"https:\/\/archivotalleresdeinvestigacion.colegio-estudio.es\/traslamitologia\/wp-json\/wp\/v2\/pages\/2\/revisions"}],"wp:attachment":[{"href":"https:\/\/archivotalleresdeinvestigacion.colegio-estudio.es\/traslamitologia\/wp-json\/wp\/v2\/media?parent=2"}],"curies":[{"name":"wp","href":"https:\/\/api.w.org\/{rel}","templated":true}]}}