{"id":6,"date":"2014-12-11T15:18:17","date_gmt":"2014-12-11T15:18:17","guid":{"rendered":"http:\/\/estudioblogs.neturity.com\/traslamitologia\/?page_id=6"},"modified":"2014-12-11T15:18:17","modified_gmt":"2014-12-11T15:18:17","slug":"quienes-somos","status":"publish","type":"page","link":"https:\/\/archivotalleresdeinvestigacion.colegio-estudio.es\/traslamitologia\/quienes-somos\/","title":{"rendered":"Qui\u00e9nes somos"},"content":{"rendered":"<p>Detr\u00e1s de este peque\u00f1o blog sobre las mitolog\u00edas del mundo, hay un peque\u00f1o grupo de cuatro chicos de 2\u00ba de ESO fuimos cinco hasta que Dani, un amigo tuvo que irse a vivir a Chile (un besazo desde aqu\u00ed) pero aun as\u00ed continuamos con esto, para que todos vosotros que disfrut\u00e9is de este blog y os pod\u00e1is informar, investigar, indagar&#8230;<\/p>\n<p>En esta p\u00e1gina hemos dado todo lo que estaba a nuestro alcance dentro de este tema espero que se os haga entretenido y ojala lo disfrut\u00e9is tanto como nosotros cre\u00e1ndolo.<\/p>\n<p>Os preguntar\u00e9is que porqu\u00e9 elegimos este trabajo. Desde un principio ten\u00edamos varios temas, como m\u00fasica, los r\u00e9cords mundiales y entre ellos las mitolog\u00edas, lo que nos hizo elegir este maravilloso tema fueron las millones de preguntas y dudas que ten\u00edamos de este. Recuerdo que pensamos \u201cQu\u00e9 mejor tema, que el que nos hace cuestionarnos a nosotros mismos\u201d.<\/p>\n<p>Nos gustar\u00eda recordaros que todo lo que pod\u00e1is leer aqu\u00ed est\u00e1 visto desde nuestro punto de vista, eso es lo que lo hace \u00fanico, como cada uno de nosotros y tambi\u00e9n deciros que el que ya est\u00e9is leyendo esto es un gran honor.<\/p>\n<p>Os invitamos a comentar en la p\u00e1g. cuando quer\u00e1is.<\/p>\n<p>Atentamente: Kiko, Elena, Emma y Elia<\/p>\n<p>\u00a1Un saludo!<\/p>\n","protected":false},"excerpt":{"rendered":"<p>Detr\u00e1s de este peque\u00f1o blog sobre las mitolog\u00edas del mundo, hay un peque\u00f1o grupo de cuatro chicos de 2\u00ba de ESO fuimos cinco hasta que Dani, un amigo tuvo que irse a vivir a Chile (un besazo desde aqu\u00ed) pero &hellip; <a href=\"https:\/\/archivotalleresdeinvestigacion.colegio-estudio.es\/traslamitologia\/quienes-somos\/\">Sigue leyendo <span class=\"meta-nav\">&rarr;<\/span><\/a><\/p>\n","protected":false},"author":1,"featured_media":0,"parent":0,"menu_order":0,"comment_status":"closed","ping_status":"closed","template":"","meta":[],"_links":{"self":[{"href":"https:\/\/archivotalleresdeinvestigacion.colegio-estudio.es\/traslamitologia\/wp-json\/wp\/v2\/pages\/6"}],"collection":[{"href":"https:\/\/archivotalleresdeinvestigacion.colegio-estudio.es\/traslamitologia\/wp-json\/wp\/v2\/pages"}],"about":[{"href":"https:\/\/archivotalleresdeinvestigacion.colegio-estudio.es\/traslamitologia\/wp-json\/wp\/v2\/types\/page"}],"author":[{"embeddable":true,"href":"https:\/\/archivotalleresdeinvestigacion.colegio-estudio.es\/traslamitologia\/wp-json\/wp\/v2\/users\/1"}],"replies":[{"embeddable":true,"href":"https:\/\/archivotalleresdeinvestigacion.colegio-estudio.es\/traslamitologia\/wp-json\/wp\/v2\/comments?post=6"}],"version-history":[{"count":0,"href":"https:\/\/archivotalleresdeinvestigacion.colegio-estudio.es\/traslamitologia\/wp-json\/wp\/v2\/pages\/6\/revisions"}],"wp:attachment":[{"href":"https:\/\/archivotalleresdeinvestigacion.colegio-estudio.es\/traslamitologia\/wp-json\/wp\/v2\/media?parent=6"}],"curies":[{"name":"wp","href":"https:\/\/api.w.org\/{rel}","templated":true}]}}